{"id":10928,"date":"2022-08-23T14:47:26","date_gmt":"2022-08-23T12:47:26","guid":{"rendered":"https:\/\/fruehwaldgroup.com\/how-to-videos\/"},"modified":"2023-03-30T14:18:07","modified_gmt":"2023-03-30T12:18:07","slug":"how-to-videos","status":"publish","type":"page","link":"https:\/\/fruehwaldgroup.com\/en\/how-to-videos\/","title":{"rendered":"How to videos"},"content":{"rendered":"\t<div class=\"sf-hero-image\" id=\"sf-hero-image-703f976363ad973338bb3d723ba09c96cfb8a21d1fb0b848fb9ce8d0e011a278\" style=\"background-image: url(https:\/\/fruehwaldgroup.com\/wp-content\/uploads\/sites\/8\/2022\/11\/S47_meer_v2.jpg); background-position: center center\">\n        <div class=\"carpet\"><\/div>\n                    <div class=\"inner\">\n\t                                <h1>How to videos<\/h1>\n\t            \t                        <\/div>\n        \n        \n        \n        \t<\/div>\n\t    <style>\n                    <\/style>\n    \n<div style=\"height:150px\" aria-hidden=\"true\" class=\"wp-block-spacer\"><\/div>\n\n<div class=\"wp-block-fruehwald-area container\">\n<div class=\"wp-block-columns\">\n<div class=\"wp-block-column\">\n<figure class=\"wp-block-embed is-type-video is-provider-youtube wp-block-embed-youtube wp-embed-aspect-16-9 wp-has-aspect-ratio\"><div class=\"wp-block-embed__wrapper\">\n<div class=\"sf-cookie-consent-blocked no-consent\" data-consent-id=\"youtube\" style=\"width: 500px; height: 281px;\">\n    <div class=\"config\" style=\"display: none\">&lt;iframe loading=&quot;lazy&quot; title=&quot;Caesar Kerti T\u0171zrak\u00f3 2022 long&quot; width=&quot;500&quot; height=&quot;281&quot; src=&quot;https:\/\/www.youtube.com\/embed\/XT8_9k4916Q?feature=oembed&quot; frameborder=&quot;0&quot; allow=&quot;accelerometer; autoplay; clipboard-write; encrypted-media; gyroscope; picture-in-picture; web-share&quot; allowfullscreen&gt;&lt;\/iframe&gt;<\/div>\n    <div class=\"no-consent\" style=\"display: none\">\n        <p>\n            Sie haben dem Laden von Youtube-Videos nicht zugestimmt wodurch dieses Video nicht angezeigt werden kann.\n        <\/p>\n        <a href=\"javascript:void(0)\" class=\"sf-reopen-consent button sf-button sf-button-black\">Einstellungen erneut \u00f6ffnen<\/a>    \n    <\/div>\n    <div class=\"consent-container\"><\/div>\n<\/div>\n<\/div><\/figure>\n<\/div>\n\n\n\n<div class=\"wp-block-column\">\n<figure class=\"wp-block-embed is-type-video is-provider-youtube wp-block-embed-youtube wp-embed-aspect-16-9 wp-has-aspect-ratio\"><div class=\"wp-block-embed__wrapper\">\n<div class=\"sf-cookie-consent-blocked no-consent\" data-consent-id=\"youtube\" style=\"width: 500px; height: 281px;\">\n    <div class=\"config\" style=\"display: none\">&lt;iframe loading=&quot;lazy&quot; title=&quot;Fr\u00fchwald Petra Magas\u00e1gy\u00e1s 2021&quot; width=&quot;500&quot; height=&quot;281&quot; src=&quot;https:\/\/www.youtube.com\/embed\/e0wrZY6O6S0?feature=oembed&quot; frameborder=&quot;0&quot; allow=&quot;accelerometer; autoplay; clipboard-write; encrypted-media; gyroscope; picture-in-picture; web-share&quot; allowfullscreen&gt;&lt;\/iframe&gt;<\/div>\n    <div class=\"no-consent\" style=\"display: none\">\n        <p>\n            Sie haben dem Laden von Youtube-Videos nicht zugestimmt wodurch dieses Video nicht angezeigt werden kann.\n        <\/p>\n        <a href=\"javascript:void(0)\" class=\"sf-reopen-consent button sf-button sf-button-black\">Einstellungen erneut \u00f6ffnen<\/a>    \n    <\/div>\n    <div class=\"consent-container\"><\/div>\n<\/div>\n<\/div><\/figure>\n<\/div>\n<\/div>\n\n\n\n<div style=\"height:100px\" aria-hidden=\"true\" class=\"wp-block-spacer\"><\/div>\n\n\n\n<div class=\"wp-block-columns\">\n<div class=\"wp-block-column\">\n<figure class=\"wp-block-embed is-type-video is-provider-youtube wp-block-embed-youtube wp-embed-aspect-16-9 wp-has-aspect-ratio\"><div class=\"wp-block-embed__wrapper\">\n<div class=\"sf-cookie-consent-blocked no-consent\" data-consent-id=\"youtube\" style=\"width: 500px; height: 281px;\">\n    <div class=\"config\" style=\"display: none\">&lt;iframe loading=&quot;lazy&quot; title=&quot;Fr\u00fchwald Soneva Ker\u00edt\u00e9s 2021&quot; width=&quot;500&quot; height=&quot;281&quot; src=&quot;https:\/\/www.youtube.com\/embed\/DQamwmUh9qQ?feature=oembed&quot; frameborder=&quot;0&quot; allow=&quot;accelerometer; autoplay; clipboard-write; encrypted-media; gyroscope; picture-in-picture; web-share&quot; allowfullscreen&gt;&lt;\/iframe&gt;<\/div>\n    <div class=\"no-consent\" style=\"display: none\">\n        <p>\n            Sie haben dem Laden von Youtube-Videos nicht zugestimmt wodurch dieses Video nicht angezeigt werden kann.\n        <\/p>\n        <a href=\"javascript:void(0)\" class=\"sf-reopen-consent button sf-button sf-button-black\">Einstellungen erneut \u00f6ffnen<\/a>    \n    <\/div>\n    <div class=\"consent-container\"><\/div>\n<\/div>\n<\/div><\/figure>\n<\/div>\n\n\n\n<div class=\"wp-block-column\">\n<figure class=\"wp-block-embed is-type-video is-provider-youtube wp-block-embed-youtube wp-embed-aspect-16-9 wp-has-aspect-ratio\"><div class=\"wp-block-embed__wrapper\">\n<div class=\"sf-cookie-consent-blocked no-consent\" data-consent-id=\"youtube\" style=\"width: 500px; height: 281px;\">\n    <div class=\"config\" style=\"display: none\">&lt;iframe loading=&quot;lazy&quot; title=&quot;FRUHWALD Garden Creator HUN FINAL3&quot; width=&quot;500&quot; height=&quot;281&quot; src=&quot;https:\/\/www.youtube.com\/embed\/-fKCo6SILM4?feature=oembed&quot; frameborder=&quot;0&quot; allow=&quot;accelerometer; autoplay; clipboard-write; encrypted-media; gyroscope; picture-in-picture; web-share&quot; allowfullscreen&gt;&lt;\/iframe&gt;<\/div>\n    <div class=\"no-consent\" style=\"display: none\">\n        <p>\n            Sie haben dem Laden von Youtube-Videos nicht zugestimmt wodurch dieses Video nicht angezeigt werden kann.\n        <\/p>\n        <a href=\"javascript:void(0)\" class=\"sf-reopen-consent button sf-button sf-button-black\">Einstellungen erneut \u00f6ffnen<\/a>    \n    <\/div>\n    <div class=\"consent-container\"><\/div>\n<\/div>\n<\/div><\/figure>\n<\/div>\n<\/div>\n<\/div>\n\n<div style=\"height:100px\" aria-hidden=\"true\" class=\"wp-block-spacer\"><\/div>\n","protected":false},"excerpt":{"rendered":"","protected":false},"author":19,"featured_media":0,"parent":0,"menu_order":0,"comment_status":"closed","ping_status":"closed","template":"","meta":{"inline_featured_image":false},"yoast_head":"<!-- This site is optimized with the Yoast SEO plugin v18.8 - https:\/\/yoast.com\/wordpress\/plugins\/seo\/ -->\n<title>How To videos of Fr\u00fchwald with pavings and design elements<\/title>\n<meta name=\"description\" content=\"Lay like the pros. With our how-to videos, we show you how to properly lay paving stones or use them as design elements.\" \/>\n<meta name=\"robots\" content=\"index, follow, max-snippet:-1, max-image-preview:large, max-video-preview:-1\" \/>\n<link rel=\"canonical\" href=\"https:\/\/fruehwaldgroup.com\/en\/how-to-videos\/\" \/>\n<meta property=\"og:locale\" content=\"en_US\" \/>\n<meta property=\"og:type\" content=\"article\" \/>\n<meta property=\"og:title\" content=\"How To videos of Fr\u00fchwald with pavings and design elements\" \/>\n<meta property=\"og:description\" content=\"Lay like the pros. With our how-to videos, we show you how to properly lay paving stones or use them as design elements.\" \/>\n<meta property=\"og:url\" content=\"https:\/\/fruehwaldgroup.com\/en\/how-to-videos\/\" \/>\n<meta property=\"og:site_name\" content=\"fr\u00fchwaldgroup.com\" \/>\n<meta property=\"article:modified_time\" content=\"2023-03-30T12:18:07+00:00\" \/>\n<meta name=\"twitter:card\" content=\"summary_large_image\" \/>\n<script type=\"application\/ld+json\" class=\"yoast-schema-graph\">{\"@context\":\"https:\/\/schema.org\",\"@graph\":[{\"@type\":\"WebSite\",\"@id\":\"https:\/\/fruehwaldgroup.com\/#website\",\"url\":\"https:\/\/fruehwaldgroup.com\/\",\"name\":\"fr\u00fchwaldgroup.com\",\"description\":\"\",\"potentialAction\":[{\"@type\":\"SearchAction\",\"target\":{\"@type\":\"EntryPoint\",\"urlTemplate\":\"https:\/\/fruehwaldgroup.com\/?s={search_term_string}\"},\"query-input\":\"required name=search_term_string\"}],\"inLanguage\":\"en-US\"},{\"@type\":\"WebPage\",\"@id\":\"https:\/\/fruehwaldgroup.com\/en\/how-to-videos\/#webpage\",\"url\":\"https:\/\/fruehwaldgroup.com\/en\/how-to-videos\/\",\"name\":\"How To videos of Fr\u00fchwald with pavings and design elements\",\"isPartOf\":{\"@id\":\"https:\/\/fruehwaldgroup.com\/#website\"},\"datePublished\":\"2022-08-23T12:47:26+00:00\",\"dateModified\":\"2023-03-30T12:18:07+00:00\",\"description\":\"Lay like the pros. With our how-to videos, we show you how to properly lay paving stones or use them as design elements.\",\"breadcrumb\":{\"@id\":\"https:\/\/fruehwaldgroup.com\/en\/how-to-videos\/#breadcrumb\"},\"inLanguage\":\"en-US\",\"potentialAction\":[{\"@type\":\"ReadAction\",\"target\":[\"https:\/\/fruehwaldgroup.com\/en\/how-to-videos\/\"]}]},{\"@type\":\"BreadcrumbList\",\"@id\":\"https:\/\/fruehwaldgroup.com\/en\/how-to-videos\/#breadcrumb\",\"itemListElement\":[{\"@type\":\"ListItem\",\"position\":1,\"name\":\"How to videos\"}]}]}<\/script>\n<!-- \/ Yoast SEO plugin. -->","yoast_head_json":{"title":"How To videos of Fr\u00fchwald with pavings and design elements","description":"Lay like the pros. With our how-to videos, we show you how to properly lay paving stones or use them as design elements.","robots":{"index":"index","follow":"follow","max-snippet":"max-snippet:-1","max-image-preview":"max-image-preview:large","max-video-preview":"max-video-preview:-1"},"canonical":"https:\/\/fruehwaldgroup.com\/en\/how-to-videos\/","og_locale":"en_US","og_type":"article","og_title":"How To videos of Fr\u00fchwald with pavings and design elements","og_description":"Lay like the pros. With our how-to videos, we show you how to properly lay paving stones or use them as design elements.","og_url":"https:\/\/fruehwaldgroup.com\/en\/how-to-videos\/","og_site_name":"fr\u00fchwaldgroup.com","article_modified_time":"2023-03-30T12:18:07+00:00","twitter_card":"summary_large_image","schema":{"@context":"https:\/\/schema.org","@graph":[{"@type":"WebSite","@id":"https:\/\/fruehwaldgroup.com\/#website","url":"https:\/\/fruehwaldgroup.com\/","name":"fr\u00fchwaldgroup.com","description":"","potentialAction":[{"@type":"SearchAction","target":{"@type":"EntryPoint","urlTemplate":"https:\/\/fruehwaldgroup.com\/?s={search_term_string}"},"query-input":"required name=search_term_string"}],"inLanguage":"en-US"},{"@type":"WebPage","@id":"https:\/\/fruehwaldgroup.com\/en\/how-to-videos\/#webpage","url":"https:\/\/fruehwaldgroup.com\/en\/how-to-videos\/","name":"How To videos of Fr\u00fchwald with pavings and design elements","isPartOf":{"@id":"https:\/\/fruehwaldgroup.com\/#website"},"datePublished":"2022-08-23T12:47:26+00:00","dateModified":"2023-03-30T12:18:07+00:00","description":"Lay like the pros. With our how-to videos, we show you how to properly lay paving stones or use them as design elements.","breadcrumb":{"@id":"https:\/\/fruehwaldgroup.com\/en\/how-to-videos\/#breadcrumb"},"inLanguage":"en-US","potentialAction":[{"@type":"ReadAction","target":["https:\/\/fruehwaldgroup.com\/en\/how-to-videos\/"]}]},{"@type":"BreadcrumbList","@id":"https:\/\/fruehwaldgroup.com\/en\/how-to-videos\/#breadcrumb","itemListElement":[{"@type":"ListItem","position":1,"name":"How to videos"}]}]}},"acf":[],"_links":{"self":[{"href":"https:\/\/fruehwaldgroup.com\/en\/wp-json\/wp\/v2\/pages\/10928"}],"collection":[{"href":"https:\/\/fruehwaldgroup.com\/en\/wp-json\/wp\/v2\/pages"}],"about":[{"href":"https:\/\/fruehwaldgroup.com\/en\/wp-json\/wp\/v2\/types\/page"}],"author":[{"embeddable":true,"href":"https:\/\/fruehwaldgroup.com\/en\/wp-json\/wp\/v2\/users\/19"}],"replies":[{"embeddable":true,"href":"https:\/\/fruehwaldgroup.com\/en\/wp-json\/wp\/v2\/comments?post=10928"}],"version-history":[{"count":3,"href":"https:\/\/fruehwaldgroup.com\/en\/wp-json\/wp\/v2\/pages\/10928\/revisions"}],"predecessor-version":[{"id":10931,"href":"https:\/\/fruehwaldgroup.com\/en\/wp-json\/wp\/v2\/pages\/10928\/revisions\/10931"}],"wp:attachment":[{"href":"https:\/\/fruehwaldgroup.com\/en\/wp-json\/wp\/v2\/media?parent=10928"}],"curies":[{"name":"wp","href":"https:\/\/api.w.org\/{rel}","templated":true}]}}